{"id":23468,"date":"2021-01-09T17:57:58","date_gmt":"2021-01-09T16:57:58","guid":{"rendered":"http:\/\/www.anamightysound.com\/a-propos\/"},"modified":"2024-06-04T20:06:47","modified_gmt":"2024-06-04T18:06:47","slug":"a-propos","status":"publish","type":"page","link":"https:\/\/old.anamightysound.com\/fr\/a-propos\/","title":{"rendered":"\u00c0 propos"},"content":{"rendered":"\r\n\r\n\r\n  <div id=\"page-header-1416929148\" class=\"page-header-wrapper\">\n  <div class=\"page-title dark featured-title\">\n\n        <div class=\"page-title-bg\">\n      <div class=\"title-bg fill bg-fill\"\n        data-parallax-container=\".page-title\"\n        data-parallax-background\n        data-parallax=\"-\">\n      <\/div>\n      <div class=\"title-overlay fill\"><\/div>\n    <\/div>\n    \n    <div class=\"page-title-inner container align-center text-center flex-row-col medium-flex-wrap\" >\n              <div class=\"title-wrapper uppercase is-xxlarge flex-col\">\n          <h1 class=\"entry-title mb-0\">\n            \u00c0 propos          <\/h1>\n        <\/div>\n                    <div class=\"title-content flex-col\">\n        <ul class=\"nav sm-touch-scroll nav-line nav-uppercase text-center nav-center\"><li class=\"nav-single-page hidden\"><\/li><\/ul>      <\/div>\n    <\/div>\n\n     \n<style>\n#page-header-1416929148 .page-title-inner {\n  min-height: 400px;\n}\n#page-header-1416929148 .title-bg {\n  background-image: url(https:\/\/old.anamightysound.com\/wp-content\/uploads\/2020\/04\/497C623A-8144-4C26-81C2-4D0A3EFC24EE_1_105_c.jpeg);\n}\n<\/style>\n  <\/div>\n    <\/div>\n  \r\n<div class=\"row\"  id=\"row-1998151680\">\r\n\r\n\n\t<div id=\"col-1637103682\" class=\"col medium-1\/1 large-12\"  >\n\t\t\t\t<div class=\"col-inner\"  >\n\t\t\t\n\t\t\t\r\n\r\n<h3><\/h3>\r\n<p class=\"lead text-center\"><em><strong>Ana Mighty Sound<\/strong><\/em> a \u00e9t\u00e9 con\u00e7u comme un refuge pour audiophiles o\u00f9 les questions peuvent et doivent \u00eatre pos\u00e9es, un endroit o\u00f9 une \u00e9quipe peut partager ses exp\u00e9riences combin\u00e9es et cumul\u00e9es pour vous offrir des solutions \u00e0 la mesure de votre sensibilit\u00e9 HiFi. Nous sommes passionn\u00e9s par ce projet, continuellement \u00e0 la recherche de nouvelles ressources pour fabriquer nos propres produits et distribuer ceux auxquels nous croyons.<\/p>\r\n\r\n\t\t<\/div>\n\t\t\t\t\t<\/div>\n\n\t\r\n\r\n<\/div>\r\n<div class=\"row\"  id=\"row-405664359\">\n\n\n\n\n\t<div id=\"col-1760347789\" class=\"col medium-3 large-3\"  >\n\t\t\t\t<div class=\"col-inner\"  >\n\t\t\t\n\t\t\t\n\n    <div class=\"box has-hover hidden has-hover box-text-bottom\" >\n\n                  <div class=\"box-image \" >\n           <div class=\"box-image-inner image-cover\" style=\"padding-top:100%;\">\n                                       <\/div>\n          <\/div>\n         \n          <div class=\"box-text text-center\" >\n                <div class=\"box-text-inner\">\n                  <h4 class=\"uppercase\">\n                    <span class=\"person-name\">L\u00e1szl\u00f3 Szalai<\/span><br\/>\n                    <span class=\"person-title is-small thin-font op-7\">\n                      CRE (Chief Retip Extraordinaire)                    <\/span>\n                  <\/h4>\n\t\t\t\t\t\n\n<p>Doigts d'Or, notre Retip Boss (niveau invincible) est le meilleur ami des signaux millivolt, mais aussi ing\u00e9nieur du son et broadcast<\/p>\n\n                <\/div>\n          <\/div>\n    <\/div>\n\n\t\n    \n\n\t\t<\/div>\n\t\t\t\t\t<\/div>\n\n\t\n\n\n<\/div>\n<p>&nbsp;<\/p>\r\n<div class=\"container section-title-container\" ><h3 class=\"section-title section-title-center\"><b><\/b><span class=\"section-title-main\" >nos marques<\/span><b><\/b><\/h3><\/div>\r\n<span class=\"br_shortcode_title\"><div class=\"widget widget_berocket_product_brand_widget\"><style>.br_brand_berocket_product_brand_widget--1_fr .br_widget_brand_element_slider {\r\n            width: calc(33.333333333333% - 6px);\r\n        }\r\n        .widget_berocket_product_brand_widget .brcs_slider_brands_container {\r\n            display: flex;\r\n            flex-wrap: wrap;\r\n            justify-content: space-between;\r\n        }\r\n        .widget_berocket_product_brand_widget .brcs_slider_brands_container .brand_slider_image a{\r\n            display: block;\r\n            text-align: center;\r\n        }\r\n        .widget_berocket_product_brand_widget .brcs_slider_brands_container .brand_slider_image a img{\r\n            margin: 0 auto;\r\n        }.br_brand_berocket_product_brand_widget--1_fr .br_widget_brand_element_slider {\r\n        box-sizing: border-box;\r\n        padding: 3px;\r\n        margin: 3px;\r\n        \r\n    }<\/style><div class='brcs_slider_brands brcs_slider_brands_container br_brand_berocket_product_brand_widget--1_fr  br_brands_hierarchy_all' data-columns='3'><div class='br_widget_brand_element_slider list  ' >\r\n            <div class='brand_info brand_slider_image'>\r\n                <a href='https:\/\/old.anamightysound.com\/fr\/marques-fr\/alto-extremo-fr\/'> <span style=' display: block;'>Alto Extremo<\/span><\/a><\/div><\/div><div class='br_widget_brand_element_slider list  ' >\r\n            <div class='brand_info brand_slider_image'>\r\n                <a href='https:\/\/old.anamightysound.com\/fr\/marques-fr\/amg-fr\/'> <span style=' display: block;'>AMG<\/span><\/a><\/div><\/div><div class='br_widget_brand_element_slider list  ' >\r\n            <div class='brand_info brand_slider_image'>\r\n                <a href='https:\/\/old.anamightysound.com\/fr\/marques-fr\/ana-mighty-sound-fr\/'> <span style=' display: block;'>Ana Mighty Sound<\/span><\/a><\/div><\/div><div class='br_widget_brand_element_slider list  ' >\r\n            <div class='brand_info brand_slider_image'>\r\n                <a href='https:\/\/old.anamightysound.com\/fr\/marques-fr\/analog-audio-design-fr\/'> <span style=' display: block;'>Analog Audio Design<\/span><\/a><\/div><\/div><div class='br_widget_brand_element_slider list  ' >\r\n            <div class='brand_info brand_slider_image'>\r\n                <a href='https:\/\/old.anamightysound.com\/fr\/marques-fr\/art-du-son-fr\/'> <span style=' display: block;'>Art du Son<\/span><\/a><\/div><\/div><div class='br_widget_brand_element_slider list  ' >\r\n            <div class='brand_info brand_slider_image'>\r\n                <a href='https:\/\/old.anamightysound.com\/fr\/marques-fr\/audio-technica-fr\/'> <span style=' display: block;'>Audio Technica<\/span><\/a><\/div><\/div><div class='br_widget_brand_element_slider list  ' >\r\n            <div class='brand_info brand_slider_image'>\r\n                <a href='https:\/\/old.anamightysound.com\/fr\/marques-fr\/audio-union-fr\/'> <span style=' display: block;'>Audio Union<\/span><\/a><\/div><\/div><div class='br_widget_brand_element_slider list  ' >\r\n            <div class='brand_info brand_slider_image'>\r\n                <a href='https:\/\/old.anamightysound.com\/fr\/marques-fr\/boulder-fr\/'> <span style=' display: block;'>Boulder<\/span><\/a><\/div><\/div><div class='br_widget_brand_element_slider list  ' >\r\n            <div class='brand_info brand_slider_image'>\r\n                <a href='https:\/\/old.anamightysound.com\/fr\/marques-fr\/consolidated-audio-fr\/'> <span style=' display: block;'>Consolidated Audio<\/span><\/a><\/div><\/div><div class='br_widget_brand_element_slider list  ' >\r\n            <div class='brand_info brand_slider_image'>\r\n                <a href='https:\/\/old.anamightysound.com\/fr\/marques-fr\/csport-fr\/'> <span style=' display: block;'>CSport<\/span><\/a><\/div><\/div><div class='br_widget_brand_element_slider list  ' >\r\n            <div class='brand_info brand_slider_image'>\r\n                <a href='https:\/\/old.anamightysound.com\/fr\/marques-fr\/dartzeel-fr\/'> <span style=' display: block;'>darTZeel<\/span><\/a><\/div><\/div><div class='br_widget_brand_element_slider list  ' >\r\n            <div class='brand_info brand_slider_image'>\r\n                <a href='https:\/\/old.anamightysound.com\/fr\/marques-fr\/degritter-fr\/'> <span style=' display: block;'>Degritter<\/span><\/a><\/div><\/div><div class='br_widget_brand_element_slider list  ' >\r\n            <div class='brand_info brand_slider_image'>\r\n                <a href='https:\/\/old.anamightysound.com\/fr\/marques-fr\/dr-feickert-fr\/'> <span style=' display: block;'>Dr. Feickert<\/span><\/a><\/div><\/div><div class='br_widget_brand_element_slider list  ' >\r\n            <div class='brand_info brand_slider_image'>\r\n                <a href='https:\/\/old.anamightysound.com\/fr\/marques-fr\/elpispandora-fr\/'> <span style=' display: block;'>Elpispandora<\/span><\/a><\/div><\/div><div class='br_widget_brand_element_slider list  ' >\r\n            <div class='brand_info brand_slider_image'>\r\n                <a href='https:\/\/old.anamightysound.com\/fr\/marques-fr\/frank-schroder-fr\/'> <span style=' display: block;'>Frank Schr\u00f6der<\/span><\/a><\/div><\/div><div class='br_widget_brand_element_slider list  ' >\r\n            <div class='brand_info brand_slider_image'>\r\n                <a href='https:\/\/old.anamightysound.com\/fr\/marques-fr\/glanz-fr\/'> <span style=' display: block;'>Glanz<\/span><\/a><\/div><\/div><div class='br_widget_brand_element_slider list  ' >\r\n            <div class='brand_info brand_slider_image'>\r\n                <a href='https:\/\/old.anamightysound.com\/fr\/marques-fr\/graphite-audio-fr\/'> <span style=' display: block;'>Graphite Audio<\/span><\/a><\/div><\/div><div class='br_widget_brand_element_slider list  ' >\r\n            <div class='brand_info brand_slider_image'>\r\n                <a href='https:\/\/old.anamightysound.com\/fr\/marques-fr\/hemingway-fr\/'> <span style=' display: block;'>Hemingway<\/span><\/a><\/div><\/div><div class='br_widget_brand_element_slider list  ' >\r\n            <div class='brand_info brand_slider_image'>\r\n                <a href='https:\/\/old.anamightysound.com\/fr\/marques-fr\/jan-allaerts-fr\/'> <span style=' display: block;'>Jan Allaerts<\/span><\/a><\/div><\/div><div class='br_widget_brand_element_slider list  ' >\r\n            <div class='brand_info brand_slider_image'>\r\n                <a href='https:\/\/old.anamightysound.com\/fr\/marques-fr\/koetsu-fr\/'> <span style=' display: block;'>Koetsu<\/span><\/a><\/div><\/div><div class='br_widget_brand_element_slider list  ' >\r\n            <div class='brand_info brand_slider_image'>\r\n                <a href='https:\/\/old.anamightysound.com\/fr\/marques-fr\/levin-design-fr\/'> <span style=' display: block;'>Levin Design<\/span><\/a><\/div><\/div><div class='br_widget_brand_element_slider list  ' >\r\n            <div class='brand_info brand_slider_image'>\r\n                <a href='https:\/\/old.anamightysound.com\/fr\/marques-fr\/little-fwend-fr\/'> <span style=' display: block;'>Little Fwend<\/span><\/a><\/div><\/div><div class='br_widget_brand_element_slider list  ' >\r\n            <div class='brand_info brand_slider_image'>\r\n                <a href='https:\/\/old.anamightysound.com\/fr\/marques-fr\/loricraft-fr\/'> <span style=' display: block;'>Loricraft<\/span><\/a><\/div><\/div><div class='br_widget_brand_element_slider list  ' >\r\n            <div class='brand_info brand_slider_image'>\r\n                <a href='https:\/\/old.anamightysound.com\/fr\/marques-fr\/lyravox-fr\/'> <span style=' display: block;'>Lyravox<\/span><\/a><\/div><\/div><div class='br_widget_brand_element_slider list  ' >\r\n            <div class='brand_info brand_slider_image'>\r\n                <a href='https:\/\/old.anamightysound.com\/fr\/marques-fr\/merging-fr\/'> <span style=' display: block;'>Merging<\/span><\/a><\/div><\/div><div class='br_widget_brand_element_slider list  ' >\r\n            <div class='brand_info brand_slider_image'>\r\n                <a href='https:\/\/old.anamightysound.com\/fr\/marques-fr\/mutech-fr\/'> <span style=' display: block;'>Mutech<\/span><\/a><\/div><\/div><div class='br_widget_brand_element_slider list  ' >\r\n            <div class='brand_info brand_slider_image'>\r\n                <a href='https:\/\/old.anamightysound.com\/fr\/marques-fr\/my-sonic-lab-fr\/'> <span style=' display: block;'>My Sonic Lab<\/span><\/a><\/div><\/div><div class='br_widget_brand_element_slider list  ' >\r\n            <div class='brand_info brand_slider_image'>\r\n                <a href='https:\/\/old.anamightysound.com\/fr\/marques-fr\/orb-fr\/'> <span style=' display: block;'>ORB<\/span><\/a><\/div><\/div><div class='br_widget_brand_element_slider list  ' >\r\n            <div class='brand_info brand_slider_image'>\r\n                <a href='https:\/\/old.anamightysound.com\/fr\/marques-fr\/phasemation-fr\/'> <span style=' display: block;'>Phasemation<\/span><\/a><\/div><\/div><div class='br_widget_brand_element_slider list  ' >\r\n            <div class='brand_info brand_slider_image'>\r\n                <a href='https:\/\/old.anamightysound.com\/fr\/marques-fr\/reed-fr\/'> <span style=' display: block;'>Reed<\/span><\/a><\/div><\/div><div class='br_widget_brand_element_slider list  ' >\r\n            <div class='brand_info brand_slider_image'>\r\n                <a href='https:\/\/old.anamightysound.com\/fr\/marques-fr\/rega-fr\/'> <span style=' display: block;'>Rega<\/span><\/a><\/div><\/div><div class='br_widget_brand_element_slider list  ' >\r\n            <div class='brand_info brand_slider_image'>\r\n                <a href='https:\/\/old.anamightysound.com\/fr\/marques-fr\/sat-fr\/'> <span style=' display: block;'>SAT<\/span><\/a><\/div><\/div><div class='br_widget_brand_element_slider list  ' >\r\n            <div class='brand_info brand_slider_image'>\r\n                <a href='https:\/\/old.anamightysound.com\/fr\/marques-fr\/sculpture-a-fr\/'> <span style=' display: block;'>Sculpture A<\/span><\/a><\/div><\/div><div class='br_widget_brand_element_slider list  ' >\r\n            <div class='brand_info brand_slider_image'>\r\n                <a href='https:\/\/old.anamightysound.com\/fr\/marques-fr\/seismion-fr\/'> <span style=' display: block;'>Seismion<\/span><\/a><\/div><\/div><div class='br_widget_brand_element_slider list  ' >\r\n            <div class='brand_info brand_slider_image'>\r\n                <a href='https:\/\/old.anamightysound.com\/fr\/marques-fr\/sensitive-sound-fr\/'> <span style=' display: block;'>Sensitive sound<\/span><\/a><\/div><\/div><div class='br_widget_brand_element_slider list  ' >\r\n            <div class='brand_info brand_slider_image'>\r\n                <a href='https:\/\/old.anamightysound.com\/fr\/marques-fr\/sforzato-fr\/'> <span style=' display: block;'>Sforzato<\/span><\/a><\/div><\/div><div class='br_widget_brand_element_slider list  ' >\r\n            <div class='brand_info brand_slider_image'>\r\n                <a href='https:\/\/old.anamightysound.com\/fr\/marques-fr\/soundsmith-fr\/'> <span style=' display: block;'>Soundsmith<\/span><\/a><\/div><\/div><div class='br_widget_brand_element_slider list  ' >\r\n            <div class='brand_info brand_slider_image'>\r\n                <a href='https:\/\/old.anamightysound.com\/fr\/marques-fr\/stacore-fr\/'> <span style=' display: block;'>Stacore<\/span><\/a><\/div><\/div><div class='br_widget_brand_element_slider list  ' >\r\n            <div class='brand_info brand_slider_image'>\r\n                <a href='https:\/\/old.anamightysound.com\/fr\/marques-fr\/stenheim-fr\/'> <span style=' display: block;'>Stenheim<\/span><\/a><\/div><\/div><div class='br_widget_brand_element_slider list  ' >\r\n            <div class='brand_info brand_slider_image'>\r\n                <a href='https:\/\/old.anamightysound.com\/fr\/marques-fr\/stst-fr\/'> <span style=' display: block;'>STST<\/span><\/a><\/div><\/div><div class='br_widget_brand_element_slider list  ' >\r\n            <div class='brand_info brand_slider_image'>\r\n                <a href='https:\/\/old.anamightysound.com\/fr\/marques-fr\/suesskind-audio-fr\/'> <span style=' display: block;'>S\u00fcesskind Audio<\/span><\/a><\/div><\/div><div class='br_widget_brand_element_slider list  ' >\r\n            <div class='brand_info brand_slider_image'>\r\n                <a href='https:\/\/old.anamightysound.com\/fr\/marques-fr\/thrax-fr\/'> <span style=' display: block;'>Thrax<\/span><\/a><\/div><\/div><div class='br_widget_brand_element_slider list  ' >\r\n            <div class='brand_info brand_slider_image'>\r\n                <a href='https:\/\/old.anamightysound.com\/fr\/marques-fr\/wattson-audio-fr\/'> <span style=' display: block;'>Wattson Audio<\/span><\/a><\/div><\/div><\/div><\/div><\/span>\r\n<p>&nbsp;<\/p>\r\n","protected":false},"excerpt":{"rendered":"","protected":false},"author":3,"featured_media":0,"parent":0,"menu_order":0,"comment_status":"closed","ping_status":"closed","template":"","meta":[],"_links":{"self":[{"href":"https:\/\/old.anamightysound.com\/fr\/wp-json\/wp\/v2\/pages\/23468"}],"collection":[{"href":"https:\/\/old.anamightysound.com\/fr\/wp-json\/wp\/v2\/pages"}],"about":[{"href":"https:\/\/old.anamightysound.com\/fr\/wp-json\/wp\/v2\/types\/page"}],"author":[{"embeddable":true,"href":"https:\/\/old.anamightysound.com\/fr\/wp-json\/wp\/v2\/users\/3"}],"replies":[{"embeddable":true,"href":"https:\/\/old.anamightysound.com\/fr\/wp-json\/wp\/v2\/comments?post=23468"}],"version-history":[{"count":3,"href":"https:\/\/old.anamightysound.com\/fr\/wp-json\/wp\/v2\/pages\/23468\/revisions"}],"predecessor-version":[{"id":30311,"href":"https:\/\/old.anamightysound.com\/fr\/wp-json\/wp\/v2\/pages\/23468\/revisions\/30311"}],"wp:attachment":[{"href":"https:\/\/old.anamightysound.com\/fr\/wp-json\/wp\/v2\/media?parent=23468"}],"curies":[{"name":"wp","href":"https:\/\/api.w.org\/{rel}","templated":true}]}}